{"id":194,"date":"2020-03-05T19:29:59","date_gmt":"2020-03-05T19:29:59","guid":{"rendered":"https:\/\/www.novacomex.ec\/index.php\/mesmerize\/"},"modified":"2024-09-26T10:32:53","modified_gmt":"2024-09-26T15:32:53","slug":"mesmerize","status":"publish","type":"page","link":"https:\/\/www.novacomex.ec\/","title":{"rendered":"Front Page"},"content":{"rendered":"<div  data-label=\"Alianza Estrategica\" data-id=\"content--3\" data-export-id=\"content-7\" data-category=\"content\" class=\"content-7 content-section content-section-spacing\" id=\"alianza-estrategica\" style=\"background-color: rgb(255, 255, 255); background-image: none;\"><div  class=\"gridContainer\"> <div  class=\"row middle-sm\"><div  class=\"col-sm-6 space-bottom-xs\" data-type=\"column\"> <h2  class=\"\">Alianza Estrat\u00e9gica&nbsp;<\/h2> <p  class=\"\">Nuestra filosof\u00eda es ofrecer una atenci\u00f3n personalizada que brinde facilidades en la importaci\u00f3n y exportaci\u00f3n que realicen nuestros clientes, basada en la optimizaci\u00f3n de recursos con \u00e1gil, oportuno y seguro movimiento de mercanc\u00edas.<\/p> <\/div> <div  class=\"col-sm-6\" data-type=\"column\"> <img  decoding=\"async\" class=\"shadow-large\" src=\"https:\/\/www.novacomex.ec\/wp-content\/uploads\/2020\/07\/cropped-Screen-Shot-2020-07-16-at-09.42.17-2.webp\" alt=\"\" title=\"cropped-Screen-Shot-2020-07-16-at-09.42.17-2.png\"><\/div> <\/div><\/div> <\/div><div  data-label=\"Atencion Personalizada\" data-id=\"content--1\" data-export-id=\"content-8\" data-category=\"content\" class=\"content-8 content-section content-section-spacing\" id=\"atencion-personalizada\" style=\"background-color: rgb(245, 250, 253);\"><div  class=\"gridContainer\"> <div  class=\"row middle-sm\"><div  class=\"col-sm-6 space-bottom-xs space-top-xs\" data-type=\"column\"> <img  decoding=\"async\" class=\"shadow-large\" src=\"https:\/\/www.novacomex.ec\/wp-content\/uploads\/2020\/07\/cropped-Screen-Shot-2020-07-16-at-09.45.42-5.webp\" alt=\"\" title=\"cropped-Screen-Shot-2020-07-16-at-09.45.42-5.png\"><\/div> <div  class=\"col-sm-6\" data-type=\"column\"><h2  class=\"\">Atenci\u00f3n personalizada<\/h2> <p  class=\"\">Ofrecemos una permanente b\u00fasqueda de relaciones con sus proveedores, con la finalidad de negociar los mejores precios, y atenci\u00f3n; y de esta forma fomentar en la rentabilidad en base a costos y tiempos para nuestros clientes.<\/p> <\/div> <\/div><\/div> <\/div><div  data-label=\"Servicios Principales\" data-id=\"features--1\" data-export-id=\"features-13-card-bordered\" data-category=\"features\" class=\"features-13 content-section content-section-spacing\" id=\"servicios-principales\" style=\"background-color: rgb(255, 255, 255); background-image: none;\"><div  class=\"gridContainer\"> <div  class=\"row text-center\"><div  class=\"section-title-col\" data-type=\"column\">  <\/div> <\/div> <div  class=\"row spaced-cols content-center-sm\" data-type=\"row\"> <div  class=\"col-sm-4\"> <div  class=\"card bordered y-move\" data-type=\"column\"> <i  class=\"fa icon color1 fa-plane reverse round big\"><\/i> <h4  class=\"\">A\u00e9reo<\/h4><p  class=\"\">Cargas de alto valor y de mayor exigibilidad en tiempos cortos.\n<br >\n<\/p>  <\/div> <\/div> <div  class=\"col-sm-4\"> <div  class=\"card bordered y-move\" data-type=\"column\"> <i  class=\"fa icon color1 fa-ship reverse round big\"><\/i> <h4  class=\"\">Mar\u00edtimo<\/h4> <p  class=\"\">Grandes vol\u00famenes, opciones FCL (carga de contenedor completa) o LCL (menos que una carga de contenedor).<\/p> <\/div> <\/div> <div  class=\"col-sm-4\"> <div  class=\"card bordered y-move\" data-type=\"column\"> <i  class=\"fa icon color1 fa-cogs reverse round big\"><\/i> <h4  class=\"\">Servicio Log\u00edstico<\/h4> <p  class=\"\">La mejor manera de manejar tu carga, de forma segura y \u00e1gil.\n<br >\n<\/p> <\/div> <\/div><\/div> <\/div><\/div><div  data-label=\"Servicio Integral\" data-id=\"content--2\" data-export-id=\"content-12\" data-category=\"content\" class=\"content-12 content-section content-section-spacing\" id=\"servicio-integral\" style=\"background-color: rgb(245, 250, 253);\"><div  class=\"gridContainer\"> <div  class=\"row text-center\"><div  class=\"section-title-col\" data-type=\"column\"> <h2  class=\"\">Servicio Integral<\/h2> <p  class=\"lead\">Ahorro de tiempo  + Ahorro de problemas + Ahorro de dinero<\/p><\/div> <\/div> <div  class=\"row center-xs middle-xs\"> <div  class=\"col-sm-9\" data-type=\"column\"> <img  decoding=\"async\" class=\"shadow-large\" src=\"https:\/\/www.novacomex.ec\/wp-content\/uploads\/2020\/07\/cropped-Screen-Shot-2020-07-16-at-23.39.55.webp\" alt=\"\" title=\"cropped-Screen-Shot-2020-07-16-at-23.39.55.png\"><\/div> <\/div><\/div> <\/div><div  id=\"servicios\" style=\"background-color: #ffffff;\" data-label=\"Servicios\" data-id=\"overlappable-4\" data-export-id=\"overlappable-4\" data-category=\"overlappable\" class=\"overlappable-4 content-section content-section-spacing\" data-overlap=\"true\"><div  class=\"gridContainer\"> <div  data-type=\"row\" class=\"row spaced-cols text-center content-center-sm center-sm\"><div  class=\"col-xs-12 col-sm-4 col-padding\"> <i  class=\"fa icon shadow-large-black aligncenter color1 fa-handshake-o reverse round large\"><\/i> <div  data-type=\"column\" class=\"\"> <h5  class=\"\">Agenciamiento de Aduanas.<\/h5> <\/div> <\/div><div  class=\"col-xs-12 col-sm-4 col-padding\"> <i  class=\"fa icon shadow-large-black aligncenter color1 fa-th-large reverse round large\"><\/i> <div  data-type=\"column\" class=\"\"> <h5  class=\"\">Agenciamiento de Embarcos.<\/h5> <\/div> <\/div><div  class=\"col-xs-12 col-sm-4 col-padding\"> <i  class=\"fa icon shadow-large-black aligncenter color1 fa-ship reverse round large\"><\/i> <div  data-type=\"column\" class=\"\"> <h5  class=\"\">Tr\u00e1mites de despacho en importaciones a nivel nacional.<\/h5> <\/div> <\/div> <div  class=\"col-xs-12 col-sm-4 col-padding\"> <i  class=\"fa icon shadow-large-black aligncenter color1 fa-plane reverse round large\"><\/i> <div  data-type=\"column\" class=\"\"><h5  class=\"\">Tr\u00e1mites de despacho en exportaciones a nivel nacional.<\/h5> <\/div> <\/div> <div  class=\"col-xs-12 col-sm-4 col-padding\"> <i  class=\"fa icon shadow-large-black aligncenter color1 fa-calendar-check-o reverse round large\"><\/i> <div  data-type=\"column\" class=\"\"><h5  class=\"\">Reg\u00edmenes especiales.<\/h5> <\/div> <\/div><div  class=\"col-xs-12 col-sm-4 col-padding\"> <i  class=\"fa icon shadow-large-black aligncenter color1 fa-balance-scale reverse round large\"><\/i> <div  data-type=\"column\" class=\"\"> <h5  class=\"\">Asesor\u00eda Legal Aduanera.<\/h5> <\/div> <\/div><div  class=\"col-xs-12 col-sm-4 col-padding\"> <i  class=\"fa icon shadow-large-black aligncenter color1 fa-certificate reverse round large\"><\/i> <div  data-type=\"column\" class=\"\"> <h5  class=\"\">Patrocinio en v\u00eda administrativa y judicial.<\/h5> <\/div> <\/div><div  class=\"col-xs-12 col-sm-4 col-padding\"> <i  class=\"fa icon shadow-large-black aligncenter color1 fa-money reverse round large\"><\/i> <div  data-type=\"column\" class=\"\"> <h5  class=\"\">Clasificaci\u00f3n arancelaria y valoraci\u00f3n.<\/h5> <\/div> <\/div><div  class=\"col-xs-12 col-sm-4 col-padding\"> <i  class=\"fa icon shadow-large-black aligncenter color1 fa-cubes reverse round large\"><\/i> <div  data-type=\"column\" class=\"\"> <h5  class=\"\">Gesti\u00f3n para Embarques Parciales.<\/h5> <\/div> <\/div><div  class=\"col-xs-12 col-sm-4 col-padding\"> <i  class=\"fa icon shadow-large-black aligncenter color1 fa-check reverse round large\"><\/i> <div  data-type=\"column\" class=\"\"> <h5  class=\"\">Gesti\u00f3n para Unidad Funcional.<\/h5> <\/div> <\/div><div  class=\"col-xs-12 col-sm-4 col-padding\"> <i  class=\"fa icon shadow-large-black aligncenter color1 fa-book reverse round large\"><\/i> <div  data-type=\"column\" class=\"\"> <h5  class=\"\">Documentaci\u00f3n previa (INEN, MIPRO, etc).<\/h5> <\/div> <\/div><div  class=\"col-xs-12 col-sm-4 col-padding\"> <i  class=\"fa icon shadow-large-black aligncenter color1 fa-money reverse round large\"><\/i> <div  data-type=\"column\" class=\"\"> <h5  class=\"\">Servicio de recuperaci\u00f3n de impuesto (Draw back).<\/h5> <\/div> <\/div><div  class=\"col-xs-12 col-sm-4 col-padding\"> <i  class=\"fa icon shadow-large-black aligncenter color1 fa-building reverse round large\"><\/i> <div  data-type=\"column\" class=\"\"> <h5  class=\"\">Servicio In House<\/h5> <\/div> <\/div><\/div> <\/div><\/div><div  id=\"nosotros\" style=\"background-color: #f5fafd;\" data-label=\"Nosotros\" data-id=\"about-1\" data-export-id=\"about-1\" data-category=\"about\" class=\"about-1 content-section\"><div  class=\"gridContainer\"> <div  class=\"row text-center\"><div  class=\"section-title-col\" data-type=\"column\">  <h2  class=\"\">Acerca de NovaComex<\/h2> <p  class=\"lead\">\n<br >Somos Agente de Aduanas debidamente autorizado por el Servicio Nacional de Aduana del Ecuador.&nbsp;<br >Proveemos Servicios Integrales de Comercio Exterior a la Industria y Comercio del pais,&nbsp;asegur\u00e1ndonos del cumplimiento de las normativas vigentes, con la finalidad de garantizar la tranquilidad y competitividad de nuestros clientes.\n<br >Contamos con un equipo multidisciplinario en el \u00e1mbito aduanero y tributario, respaldado con m\u00e1s de 20 a\u00f1os de experiencia profesional.<\/p><\/div> <\/div> <div  class=\"row\"> <div  class=\"button-holder space-bottom space-bottom-small\" data-type=\"column\"> <a class=\"button color1\" href=\"#contacto\" target=\"_self\" data-cp-link=\"1\" rel=\"noopener noreferrer\">CONT\u00c1CTENOS<\/a><\/div> <div  class=\"col-xs bottom-xs flexbox image-group-bottom-3-img space-bottom-xs center-xs\"> <img  decoding=\"async\" class=\"left-img shadow-large-black\" data-size=\"500x300\" src=\"https:\/\/www.novacomex.ec\/wp-content\/uploads\/2020\/03\/cropped-terminal-contenedores_1205-1194.webp\" alt=\"\" title=\"cropped-terminal-contenedores_1205-1194.jpg\"> <img  decoding=\"async\" class=\"center-img shadow-large-black\" data-size=\"500x300\" src=\"https:\/\/www.novacomex.ec\/wp-content\/uploads\/2020\/03\/cropped-gente-negocios-dandose-mano-sala-reuniones_53876-15185.jpg\" alt=\"\" title=\"cropped-gente-negocios-dandose-mano-sala-reuniones_53876-15185.jpg\"> <img  decoding=\"async\" class=\"right-img shadow-large-black\" data-size=\"500x300\" src=\"https:\/\/www.novacomex.ec\/wp-content\/uploads\/2020\/03\/cropped-almacen-trabajador-mano-portapapeles-inspeccionar-detalles-carga-carga-camion_36860-609.webp\" alt=\"\" title=\"cropped-almacen-trabajador-mano-portapapeles-inspeccionar-detalles-carga-carga-camion_36860-609.jpg\"><\/div> <\/div><\/div> <\/div><div  id=\"contacto\" data-label=\"Contacto\" data-id=\"contact-1\" data-export-id=\"contact-1\" data-category=\"contact\" class=\"contact-1 content-section content-section-spacing white-text\" data-parallax-depth=\"20\"><div  class=\"gridContainer\"> <div  class=\"row text-center\"><div  class=\"section-title-col\" data-type=\"column\"> <h2  class=\"\">Cont\u00e1ctenos<\/h2> <\/div> <\/div> <div  class=\"row text-center\"> <div  class=\"col-xs-12 col-sm-8 col-sm-offset-2 contact-form-wrapper inline-info\"> <div  class=\"card large-padding\"> <div  class=\"\" data-content-shortcode=\"mesmerize_contact_form shortcode=&quot;wpforms id=&amp;amp;quot;91&amp;amp;quot; title=&amp;amp;quot;false&amp;amp;quot; description=&amp;amp;quot;false&amp;amp;quot;&quot;\" data-editable=\"true\"><div class=\"wpforms-container wpforms-container-full\" id=\"wpforms-91\"><form id=\"wpforms-form-91\" class=\"wpforms-validate wpforms-form\" data-formid=\"91\" method=\"post\" enctype=\"multipart\/form-data\" action=\"\/index.php\/wp-json\/wp\/v2\/pages\/194\" data-token=\"a68710909cf8eefe8572e6b47b1b4d27\" data-token-time=\"1776483438\"><noscript class=\"wpforms-error-noscript\">Por favor, activa JavaScript en tu navegador para completar este formulario.<\/noscript><div class=\"wpforms-field-container\"><div id=\"wpforms-91-field_0-container\" class=\"wpforms-field wpforms-field-name\" data-field-id=\"0\"><label class=\"wpforms-field-label\" for=\"wpforms-91-field_0\">Nombre <span class=\"wpforms-required-label\">*<\/span><\/label><input type=\"text\" id=\"wpforms-91-field_0\" class=\"wpforms-field-medium wpforms-field-required\" name=\"wpforms[fields][0]\" required><\/div><div id=\"wpforms-91-field_1-container\" class=\"wpforms-field wpforms-field-email\" data-field-id=\"1\"><label class=\"wpforms-field-label\" for=\"wpforms-91-field_1\">Correo-e <span class=\"wpforms-required-label\">*<\/span><\/label><input type=\"email\" id=\"wpforms-91-field_1\" class=\"wpforms-field-medium wpforms-field-required\" name=\"wpforms[fields][1]\" spellcheck=\"false\" required><\/div><div id=\"wpforms-91-field_2-container\" class=\"wpforms-field wpforms-field-textarea\" data-field-id=\"2\"><label class=\"wpforms-field-label\" for=\"wpforms-91-field_2\">Comentario o mensaje <span class=\"wpforms-required-label\">*<\/span><\/label><textarea id=\"wpforms-91-field_2\" class=\"wpforms-field-medium wpforms-field-required\" name=\"wpforms[fields][2]\" required><\/textarea><\/div><\/div><!-- .wpforms-field-container --><div class=\"wpforms-field wpforms-field-hp\"><label for=\"wpforms-91-field-hp\" class=\"wpforms-field-label\">Website<\/label><input type=\"text\" name=\"wpforms[hp]\" id=\"wpforms-91-field-hp\" class=\"wpforms-field-medium\"><\/div><div class=\"wpforms-submit-container\" ><input type=\"hidden\" name=\"wpforms[id]\" value=\"91\"><input type=\"hidden\" name=\"page_title\" value=\"\"><input type=\"hidden\" name=\"page_url\" value=\"https:\/\/www.novacomex.ec\/index.php\/wp-json\/wp\/v2\/pages\/194\"><input type=\"hidden\" name=\"url_referer\" value=\"\"><button type=\"submit\" name=\"wpforms[submit]\" id=\"wpforms-submit-91\" class=\"wpforms-submit\" data-alt-text=\"Enviando...\" data-submit-text=\"Enviar\" aria-live=\"assertive\" value=\"wpforms-submit\">Enviar<\/button><\/div><\/form><\/div>  <!-- .wpforms-container --><\/div><\/div> <\/div><\/div> <\/div><\/div>","protected":false},"excerpt":{"rendered":"<p>Alianza Estrat\u00e9gica&nbsp; Nuestra filosof\u00eda es ofrecer una atenci\u00f3n personalizada que brinde facilidades en la importaci\u00f3n y exportaci\u00f3n que realicen nuestros clientes, basada en la optimizaci\u00f3n de recursos con \u00e1gil, oportuno y seguro movimiento de mercanc\u00edas. Atenci\u00f3n personalizada Ofrecemos una permanente b\u00fasqueda de relaciones con sus proveedores, con la finalidad de negociar los mejores precios, y&hellip; <br \/> <a class=\"read-more\" href=\"https:\/\/www.novacomex.ec\/\">Leer m\u00e1s<\/a><\/p>\n","protected":false},"author":3,"featured_media":0,"parent":0,"menu_order":0,"comment_status":"closed","ping_status":"closed","template":"page-templates\/homepage.php","meta":{"_acf_changed":false,"om_disable_all_campaigns":false,"_monsterinsights_skip_tracking":false,"_monsterinsights_sitenote_active":false,"_monsterinsights_sitenote_note":"","_monsterinsights_sitenote_category":0,"footnotes":""},"class_list":["post-194","page","type-page","status-publish","hentry"],"acf":[],"jetpack_sharing_enabled":true,"_links":{"self":[{"href":"https:\/\/www.novacomex.ec\/index.php\/wp-json\/wp\/v2\/pages\/194","targetHints":{"allow":["GET"]}}],"collection":[{"href":"https:\/\/www.novacomex.ec\/index.php\/wp-json\/wp\/v2\/pages"}],"about":[{"href":"https:\/\/www.novacomex.ec\/index.php\/wp-json\/wp\/v2\/types\/page"}],"author":[{"embeddable":true,"href":"https:\/\/www.novacomex.ec\/index.php\/wp-json\/wp\/v2\/users\/3"}],"replies":[{"embeddable":true,"href":"https:\/\/www.novacomex.ec\/index.php\/wp-json\/wp\/v2\/comments?post=194"}],"version-history":[{"count":30,"href":"https:\/\/www.novacomex.ec\/index.php\/wp-json\/wp\/v2\/pages\/194\/revisions"}],"predecessor-version":[{"id":723,"href":"https:\/\/www.novacomex.ec\/index.php\/wp-json\/wp\/v2\/pages\/194\/revisions\/723"}],"wp:attachment":[{"href":"https:\/\/www.novacomex.ec\/index.php\/wp-json\/wp\/v2\/media?parent=194"}],"curies":[{"name":"wp","href":"https:\/\/api.w.org\/{rel}","templated":true}]}}